{"id":3792,"date":"2025-09-21T14:23:32","date_gmt":"2025-09-21T13:23:32","guid":{"rendered":"https:\/\/vivi-propertymanagement.com\/kwaliteitsbeleid\/"},"modified":"2026-02-20T15:29:15","modified_gmt":"2026-02-20T15:29:15","slug":"kwaliteitsbeleid","status":"publish","type":"page","link":"https:\/\/vivi-propertymanagement.com\/nl\/kwaliteitsbeleid\/","title":{"rendered":"Kwaliteitsbeleid"},"content":{"rendered":"\t\t<div data-elementor-type=\"wp-page\" data-elementor-id=\"3792\" class=\"elementor elementor-3792 elementor-2819\" data-elementor-post-type=\"page\">\n\t\t\t\t<div class=\"elementor-element elementor-element-85cf037 e-flex e-con-boxed e-con e-parent\" data-id=\"85cf037\" data-element_type=\"container\" data-e-type=\"container\">\n\t\t\t\t\t<div class=\"e-con-inner\">\n\t\t\t\t<div class=\"elementor-element elementor-element-4fa7b779 elementor-widget elementor-widget-text-editor\" data-id=\"4fa7b779\" data-element_type=\"widget\" data-e-type=\"widget\" data-widget_type=\"text-editor.default\">\n\t\t\t\t<div class=\"elementor-widget-container\">\n\t\t\t\t\t\t\t\t\t<div><div style=\"line-height: 1.4; direction: ltr; margin-left: 0px;\"><p><span style=\"color: #000000; font-size: 22.6672px; letter-spacing: 0em;\">Bij ViVi Holiday Homes S.L., opgericht in 2020 als een familieproject in M\u00e1laga, zijn we gegroeid terwijl we trouw bleven aan ons oorspronkelijke doel: elke gast de kans bieden om de stad te ervaren alsof het hun eigen thuis was, en elke huiseigenaar gemoedsrust geven door professioneel en persoonlijk beheer.<\/span><\/p><\/div><div style=\"line-height: 1.4; direction: ltr; margin-left: 0px;\"><p><span style=\"font-size: 22.6672px; color: #000000; letter-spacing: 0em;\">Onze missie is om lokale gastvrijheid te combineren met effici\u00ebnt beheer, waardoor we onvergetelijke ervaringen cre\u00ebren voor reizigers en duurzame waarde voor huiseigenaren en andere belanghebbenden.<\/span><\/p><\/div><div style=\"line-height: 1.4; direction: ltr; margin-left: 0px;\"><p><span style=\"font-size: 22.6672px; color: #000000; letter-spacing: 0em;\">Om dit te bereiken, handhaven we een kwaliteitsmanagementsysteem in lijn met ISO 9001:2015, waarbij we strikt voldoen aan de toepasselijke wetgeving en onze processen voortdurend verbeteren.<\/span><\/p><\/div><div style=\"line-height: 1.4; direction: ltr; margin-left: 0px;\"><p><span style=\"font-size: 22.6672px; color: #000000; letter-spacing: 0em;\">Ons kwaliteitsbeleid wordt geleid door de volgende toezeggingen:<\/span><\/p><ul><li><span style=\"color: #000000; font-size: 22.6672px; letter-spacing: 0em; background-color: transparent;\">Authentieke ervaringen \u2013 Elke gast moet zich voelen als een echte malague\u00f1o, genietend van gepersonaliseerde en attente service.<\/span><\/li><li><span style=\"color: #000000; font-size: 22.6672px; letter-spacing: 0em; background-color: transparent;\"> Vertrouwen voor huiseigenaren \u2013 We vereenvoudigen het beheer van hun huizen, waarbij we winstgevendheid, naleving van regelgeving en transparante communicatie waarborgen.<\/span><\/li><li><span style=\"color: #000000; font-size: 22.6672px; letter-spacing: 0em; background-color: transparent;\">Teamcultuur \u2013 We bevorderen een professionele, samenwerkende en hechte werkomgeving waar vriendelijkheid en verantwoordelijkheid elke beslissing leiden.<\/span><\/li><li><span style=\"color: #000000; font-size: 22.6672px; letter-spacing: 0em; background-color: transparent;\">Continue verbetering \u2013 We leren van elke ervaring, omarmen nieuwe technologie\u00ebn en trends om een steeds flexibelere en effici\u00ebntere service te leveren.<\/span><\/li><li><span style=\"color: #000000; font-size: 22.6672px; letter-spacing: 0em; background-color: transparent;\">Toewijding aan M\u00e1laga en zijn omgeving \u2013 We handelen met respect voor onze stad en het milieu, en bevorderen duurzaam toerisme dat de lokale gemeenschap ten goede komt.<\/span><\/li><li><span style=\"color: #000000; font-size: 22.6672px; letter-spacing: 0em; background-color: transparent;\">Open communicatie \u2013 We onderhouden een eerlijke en duidelijke dialoog met gasten, eigenaren, medewerkers en partners, en bouwen relaties op basis van vertrouwen.<\/span><\/li><\/ul><div><span style=\"color: #000000;\"><span style=\"font-size: 22.6672px;\"> <\/span><\/span><\/div><\/div><div style=\"line-height: 1.4; direction: ltr; margin-left: 0px;\"><p><span style=\"font-size: 22.6672px; color: #000000; letter-spacing: 0em;\">Ons hoofddoel is dat zowel gasten als huiseigenaren ViVi Holiday Homes zien als een betrouwbare, toegankelijke en flexibele partner, die elk verblijf en elke beheertaak omzet in een probleemloze ervaring.<\/span><\/p><\/div><div style=\"line-height: 1.4; direction: ltr; margin-left: 0px;\"><p><span style=\"font-size: 22.6672px; color: #000000; letter-spacing: 0em;\">Dit beleid biedt het kader voor het defini\u00ebren en herzien van onze kwaliteitsdoelstellingen en wordt periodiek ge\u00ebvalueerd om de blijvende geldigheid en effectiviteit te waarborgen.<\/span><\/p><\/div><div style=\"line-height: 1.4; direction: ltr; margin-left: 0px;\"><p><span style=\"font-size: 22.6672px; color: #000000; letter-spacing: 0em;\">Datum: 25-09-2025<\/span><br><span style=\"font-size: 22.6672px; color: #000000; letter-spacing: 0em;\"> ViVi Holiday Homes S.L.<\/span><br><span style=\"font-size: 22.6672px; color: #000000; letter-spacing: 0em;\"> Ger Cuppen, Jeroen Visser, Stan Cuppen<\/span><\/p><\/div><\/div><p style=\"mso-margin-top-alt: auto; mso-margin-bottom-alt: auto; line-height: normal; mso-outline-level: 1;\"> <\/p>\t\t\t\t\t\t\t\t<\/div>\n\t\t\t\t<\/div>\n\t\t\t\t<div class=\"elementor-element elementor-element-cba60c2 elementor-widget elementor-widget-text-editor\" data-id=\"cba60c2\" data-element_type=\"widget\" data-e-type=\"widget\" data-widget_type=\"text-editor.default\">\n\t\t\t\t<div class=\"elementor-widget-container\">\n\t\t\t\t\t\t\t\t\t<div>\n<div style=\"line-height: 1.4; direction: ltr; margin-left: 0px;\">\n<div>\n<div style=\"line-height: 1.4; direction: ltr; margin-left: 0px;\">\n<div>\n<div style=\"line-height: 1.4; direction: ltr; margin-left: 0px;\">\n<div>\n<div style=\"line-height: 1.4; direction: ltr; margin-left: 0px;\">\n<p><span style=\"font-size: 22.6672px; font-weight: bold; color: #000000; letter-spacing: 0em;\">Pol\u00edtica de Calidad \u2013 Quality Policy<\/span><\/p>\n<\/div>\n<div style=\"line-height: 1.4; direction: ltr; margin-left: 0px;\">\n<p><span style=\"font-size: 22.6672px; color: #000000; letter-spacing: 0em;\">En ViVi Holiday Homes S.L., nacida en 2020 como un proyecto familiar en M\u00e1laga, hemos crecido manteniendo siempre el mismo prop\u00f3sito: ofrecer a cada hu\u00e9sped la oportunidad de vivir la ciudad como si fuera su casa, y garantizar a cada propietario la tranquilidad de una gesti\u00f3n profesional y cercana.<\/span><\/p>\n<\/div>\n<div style=\"line-height: 1.4; direction: ltr; margin-left: 0px;\">\n<p><span style=\"font-size: 22.6672px; color: #000000; letter-spacing: 0em;\">Nuestra misi\u00f3n es combinar la hospitalidad local con la eficiencia en la gesti\u00f3n, creando experiencias memorables para los viajeros y valor sostenible para los propietarios y dem\u00e1s partes interesadas.<\/span><\/p>\n<\/div>\n<div style=\"line-height: 1.4; direction: ltr; margin-left: 0px;\">\n<p><span style=\"font-size: 22.6672px; color: #000000; letter-spacing: 0em;\">Para ello, mantenemos un Sistema de Gesti\u00f3n de la Calidad alineado con la norma ISO 9001:2015, cumpliendo rigurosamente con la legislaci\u00f3n aplicable y mejorando de manera constante nuestros procesos.<\/span><\/p>\n<\/div>\n<div style=\"line-height: 1.4; direction: ltr; margin-left: 0px;\">\n<p><span style=\"font-size: 22.6672px; color: #000000; letter-spacing: 0em;\">Nuestra Pol\u00edtica de Calidad se inspira en los siguientes compromisos:<\/span><\/p>\n<ul style=\"font-size: 16px; background-color: #ffffff;\">\n<li style=\"font-size: 1px; list-style: disc;\">&nbsp;<\/li>\n<li style=\"font-size: 1px; list-style: disc;\">&nbsp;<\/li>\n<li style=\"font-size: 16px;\"><span style=\"color: #000000; font-size: 22.6672px;\">Experiencias aut\u00e9nticas \u2013 Cada hu\u00e9sped debe sentirse como un malague\u00f1o m\u00e1s, disfrutando de un servicio cuidado y personalizado.<\/span><\/li>\n<li style=\"font-size: 16px;\"><span style=\"color: #000000; font-size: 22.6672px;\">Confianza para los propietarios \u2013 Simplificamos la gesti\u00f3n de sus viviendas, asegurando rentabilidad, cumplimiento normativo y un trato transparente.<\/span><\/li>\n<li style=\"font-size: 16px;\"><span style=\"color: #000000; font-size: 22.6672px; letter-spacing: 0em; background-color: transparent;\">&nbsp;Trust for property owners \u2013 We simplify the management of their homes, ensuring profitability, regulatory compliance, and transparent communication.<\/span><\/li>\n<li style=\"font-size: 16px;\"><span style=\"color: #000000; font-size: 22.6672px; letter-spacing: 0em; background-color: transparent;\">Cultura de equipo \u2013 Fomentamos un entorno de trabajo profesional, colaborativo y cercano, donde la amabilidad y la responsabilidad gu\u00edan cada decisi\u00f3n.<\/span><\/li>\n<li style=\"font-size: 16px;\"><span style=\"color: #000000; font-size: 22.6672px;\">Mejora continua \u2013 Aprendemos de cada experiencia, aprovechamos nuevas tecnolog\u00edas y tendencias para ofrecer un servicio cada d\u00eda m\u00e1s \u00e1gil y eficiente.<\/span><\/li>\n<li style=\"font-size: 16px;\"><span style=\"color: #000000; font-size: 22.6672px;\">Compromiso con M\u00e1laga y su entorno \u2013 Actuamos con respeto hacia nuestra ciudad y el medio ambiente, promoviendo un turismo sostenible que beneficie a la comunidad local.<\/span><\/li>\n<li style=\"font-size: 16px;\"><span style=\"color: #000000; font-size: 22.6672px;\">Comunicaci\u00f3n abierta \u2013 Mantenemos un di\u00e1logo honesto y claro con hu\u00e9spedes, propietarios, empleados y colaboradores, construyendo relaciones basadas en la confianza.<\/span><\/li><\/ul><div><font color=\"#000000\"><span style=\"font-size: 22.6672px;\"><br><\/span><\/font><\/div><\/div>\n<div style=\"line-height: 1.4; direction: ltr; margin-left: 0px;\">\n<p><span style=\"font-size: 22.6672px; color: #000000; letter-spacing: 0em;\">Nuestro principal objetivo es que tanto hu\u00e9spedes como propietarios encuentren en ViVi Holiday Homes un socio fiable, cercano y flexible, que convierte cada estancia y cada gesti\u00f3n en una experiencia sin complicaciones.<\/span><\/p>\n<\/div>\n<div style=\"line-height: 1.4; direction: ltr; margin-left: 0px;\">\n<p><span style=\"font-size: 22.6672px; color: #000000; letter-spacing: 0em;\">Esta pol\u00edtica sirve como marco para definir y revisar nuestros objetivos de calidad y se revisa peri\u00f3dicamente para asegurar su vigencia y eficacia.<\/span><\/p>\n<\/div>\n<div style=\"line-height: 1.4; direction: ltr; margin-left: 0px;\">\n<p><span style=\"font-size: 22.6672px; color: #000000; letter-spacing: 0em;\">Fecha: 26-09-2025<\/span><br><span style=\"font-size: 22.6672px; color: #000000; letter-spacing: 0em;\"> ViVi Holiday Homes S.L.<\/span><br><span style=\"font-size: 22.6672px; color: #000000; letter-spacing: 0em;\"> Ger Cuppen, Jeroen Visser, Stan Cuppen<\/span><\/p>\n<\/div>\n<\/div>\n<\/div>\n<\/div>\n<\/div>\n<\/div>\n<\/div>\n<\/div>\t\t\t\t\t\t\t\t<\/div>\n\t\t\t\t<\/div>\n\t\t\t\t\t<\/div>\n\t\t\t\t<\/div>\n\t\t\t\t<\/div>\n\t\t","protected":false},"excerpt":{"rendered":"<p>Bij ViVi Holiday Homes S.L., opgericht in 2020 als een familieproject in M\u00e1laga, zijn we gegroeid terwijl we trouw bleven aan ons oorspronkelijke doel: elke gast de kans bieden om de stad te ervaren alsof het hun eigen thuis was, en elke huiseigenaar gemoedsrust geven door professioneel en persoonlijk beheer. Onze missie is om lokale [&hellip;]<\/p>\n","protected":false},"author":2,"featured_media":0,"parent":0,"menu_order":0,"comment_status":"closed","ping_status":"closed","template":"","meta":{"_seopress_robots_primary_cat":"","_seopress_titles_title":"","_seopress_titles_desc":"","_seopress_robots_index":"","footnotes":""},"class_list":["post-3792","page","type-page","status-publish","hentry"],"_links":{"self":[{"href":"https:\/\/vivi-propertymanagement.com\/nl\/wp-json\/wp\/v2\/pages\/3792","targetHints":{"allow":["GET"]}}],"collection":[{"href":"https:\/\/vivi-propertymanagement.com\/nl\/wp-json\/wp\/v2\/pages"}],"about":[{"href":"https:\/\/vivi-propertymanagement.com\/nl\/wp-json\/wp\/v2\/types\/page"}],"author":[{"embeddable":true,"href":"https:\/\/vivi-propertymanagement.com\/nl\/wp-json\/wp\/v2\/users\/2"}],"replies":[{"embeddable":true,"href":"https:\/\/vivi-propertymanagement.com\/nl\/wp-json\/wp\/v2\/comments?post=3792"}],"version-history":[{"count":4,"href":"https:\/\/vivi-propertymanagement.com\/nl\/wp-json\/wp\/v2\/pages\/3792\/revisions"}],"predecessor-version":[{"id":4257,"href":"https:\/\/vivi-propertymanagement.com\/nl\/wp-json\/wp\/v2\/pages\/3792\/revisions\/4257"}],"wp:attachment":[{"href":"https:\/\/vivi-propertymanagement.com\/nl\/wp-json\/wp\/v2\/media?parent=3792"}],"curies":[{"name":"wp","href":"https:\/\/api.w.org\/{rel}","templated":true}]}}